{"id":42,"date":"2021-08-30T17:47:54","date_gmt":"2021-08-30T17:47:54","guid":{"rendered":"https:\/\/pedrorojas.net\/album\/about\/"},"modified":"2025-11-02T13:25:20","modified_gmt":"2025-11-02T13:25:20","slug":"about","status":"publish","type":"page","link":"https:\/\/pedrorojas.net\/album\/about\/","title":{"rendered":"Sobre mi"},"content":{"rendered":"\n\n\n<h2>sobre mi<\/h2>\n<p>Me inicie, muy pronto en este arte de la fotograf\u00eda, porque tuve un gran maestro, mi padre..<\/p>\n\n\n\n\n\n\n\n\n<h5>\u00a1Hola amigos!<\/h5>\n<p> En estas paginas, quiero mostrar algunas de las fotograf\u00edas que a lo largo de estos a\u00f1os he ido aprendiendo con el objetivo de ense\u00f1ar y trasmitir la pasi\u00f3n de las cosas, de la naturaleza, con mis paisajes, la belleza interior de las personas, en los retratos, y la emoci\u00f3n del blanco y negro. Espero que distrut\u00e9is..<\/p>\n<p style=\"text-align: center; color: rgb(172, 172, 172); font-size: 14px; line-height: 1.5; letter-spacing: 1px;\">Fot\u00f3grafo<\/p>\n\n\n\n\n","protected":false},"excerpt":{"rendered":"","protected":false},"author":1,"featured_media":0,"parent":0,"menu_order":0,"comment_status":"closed","ping_status":"closed","template":"","meta":{"pagelayer_contact_templates":[],"_pagelayer_content":"","ngg_post_thumbnail":0,"footnotes":""},"class_list":["post-42","page","type-page","status-publish","hentry"],"_links":{"self":[{"href":"https:\/\/pedrorojas.net\/album\/wp-json\/wp\/v2\/pages\/42","targetHints":{"allow":["GET"]}}],"collection":[{"href":"https:\/\/pedrorojas.net\/album\/wp-json\/wp\/v2\/pages"}],"about":[{"href":"https:\/\/pedrorojas.net\/album\/wp-json\/wp\/v2\/types\/page"}],"author":[{"embeddable":true,"href":"https:\/\/pedrorojas.net\/album\/wp-json\/wp\/v2\/users\/1"}],"replies":[{"embeddable":true,"href":"https:\/\/pedrorojas.net\/album\/wp-json\/wp\/v2\/comments?post=42"}],"version-history":[{"count":20,"href":"https:\/\/pedrorojas.net\/album\/wp-json\/wp\/v2\/pages\/42\/revisions"}],"predecessor-version":[{"id":876,"href":"https:\/\/pedrorojas.net\/album\/wp-json\/wp\/v2\/pages\/42\/revisions\/876"}],"wp:attachment":[{"href":"https:\/\/pedrorojas.net\/album\/wp-json\/wp\/v2\/media?parent=42"}],"curies":[{"name":"wp","href":"https:\/\/api.w.org\/{rel}","templated":true}]}}