{"id":40,"date":"2021-08-30T17:47:54","date_gmt":"2021-08-30T17:47:54","guid":{"rendered":"https:\/\/pedrorojas.net\/album\/home\/"},"modified":"2023-11-09T19:35:25","modified_gmt":"2023-11-09T19:35:25","slug":"home","status":"publish","type":"page","link":"https:\/\/pedrorojas.net\/album\/","title":{"rendered":"Inicio"},"content":{"rendered":"\n\n\n\n\n\n\n\n\n\n\n\n\n\n\n\n\n\n\r\n<h2>la fotograf\u00eda y el alma<\/h2>\r\n\n\r\n<p style=\"font-size: large;\"><strong>\u00a0 \u00a0 \u00a0<\/strong><em> <span style=\"color: #008a00;\">Todo tiene un alma, un ser, una esencia y fotografiar el alma de las cosas es transmitir la emoci\u00f3n en una imagen, capturando el tiempo y robando su esp\u00edritu para la eternidad&#8230;.<\/span><\/em><\/p>\r\n\n\r\n<h2>Algunas Galerias<\/h2>\r\n\n\n\n\n\n\n\n\n\n\n\n\n\n\n\n\n\n\n\n\n\n\n\n\n\n\r\n<h2>otros trabajos<\/h2>\r\n\n\r\n<p style=\"text-align: center;\">En este apartado se tiene acceso a algunos trabajos, fotograf\u00edas de viajes, exposiciones antiguas p colaboraciones en Afopriego.<\/p>\r\n\n\n\n\n\r\n<p>Aqu\u00ed pueden verse algunas de las fotograf\u00edas que realice en los pa\u00edses que ido visitando<\/p>\r\n\n\n\n\r\n<p>&nbsp;<\/p>\r\n\n\n\n\n\n\n\n\n\r\n<p>Si sigues estos\u00a0 enlaces puedes ver algunas de mis exposiciones<\/p>\r\n<p><a style=\"background-color: #ffffff; color: #e60000;\" href=\"https:\/\/pedrorojas.net\/prieguenses\/\">PRIEGUENSES<\/a><\/p>\r\n<p style=\"background-color: #ffffff; color: #008a00;\"><a style=\"background-color: #ffffff; color: #008a00;\" href=\"https:\/\/pedrorojas.net\/Islandia\/Islandia.html\">COLORES DE ISLANDIA<\/a>\u00a0<\/p>\r\n\n\n\n\n\n\n\n\n\n\r\n<h2>portfolios<\/h2>\r\n\n\r\n<p>Algunos de mis trabajos,<\/p>\r\n\n\n\n\n\n\n\n\n\n\n\n\n\n\n\n\n\n\n\n\n\n\n\n\n\n\r\n<h2>Sobre mi<\/h2>\r\n\n\r\n<p>Me inicie, muy pronto en este arte de la fotograf\u00eda, porque tuve un gran maestro, mi padre..<\/p>\r\n\n\n\n\n\n\n\n\r\n<h5>\u00a1 Hola amigos !<\/h5>\r\n\n\r\n<p>En estas paginas, quiero mostrar algunas de las fotograf\u00edas que a lo largo de estos a\u00f1os he ido capturando con el objetivo de ense\u00f1ar y trasmitir la emoci\u00f3n de las cosas, de la naturaleza, con mis paisajes, la belleza interior de las personas, en los retratos, y la emoci\u00f3n del blanco y negro, en definitiva, su &#8220;alma&#8221; <br \/>Espero que las disfrut\u00e9is.<\/p>\r\n\n\r\n<p style=\"color: #acacac; font-size: 14px; line-height: 1.5; letter-spacing: 1px;\">FOTOGRAFO<\/p>\r\n\n\n\n\n\n\n\n\n\n","protected":false},"excerpt":{"rendered":"","protected":false},"author":1,"featured_media":0,"parent":0,"menu_order":0,"comment_status":"closed","ping_status":"closed","template":"","meta":{"pagelayer_contact_templates":[],"_pagelayer_content":"","ngg_post_thumbnail":0,"footnotes":""},"class_list":["post-40","page","type-page","status-publish","hentry"],"_links":{"self":[{"href":"https:\/\/pedrorojas.net\/album\/wp-json\/wp\/v2\/pages\/40","targetHints":{"allow":["GET"]}}],"collection":[{"href":"https:\/\/pedrorojas.net\/album\/wp-json\/wp\/v2\/pages"}],"about":[{"href":"https:\/\/pedrorojas.net\/album\/wp-json\/wp\/v2\/types\/page"}],"author":[{"embeddable":true,"href":"https:\/\/pedrorojas.net\/album\/wp-json\/wp\/v2\/users\/1"}],"replies":[{"embeddable":true,"href":"https:\/\/pedrorojas.net\/album\/wp-json\/wp\/v2\/comments?post=40"}],"version-history":[{"count":60,"href":"https:\/\/pedrorojas.net\/album\/wp-json\/wp\/v2\/pages\/40\/revisions"}],"predecessor-version":[{"id":782,"href":"https:\/\/pedrorojas.net\/album\/wp-json\/wp\/v2\/pages\/40\/revisions\/782"}],"wp:attachment":[{"href":"https:\/\/pedrorojas.net\/album\/wp-json\/wp\/v2\/media?parent=40"}],"curies":[{"name":"wp","href":"https:\/\/api.w.org\/{rel}","templated":true}]}}